{"id":1022,"date":"2015-03-30T12:24:15","date_gmt":"2015-03-30T10:24:15","guid":{"rendered":"http:\/\/viasavona52.cnamilano.it\/?page_id=1022"},"modified":"2015-04-07T11:16:02","modified_gmt":"2015-04-07T09:16:02","slug":"exploit-2015","status":"publish","type":"page","link":"https:\/\/fuorisalone.cnamilano.it\/?page_id=1022","title":{"rendered":"Exploit 2015"},"content":{"rendered":"<p>[vc_row registered_only=&#8221;no&#8221; full_width=&#8221;yes&#8221; background_repeat=&#8221;no-repeat&#8221; background_position=&#8221;left top&#8221; background_attachment=&#8221;scroll&#8221; padding_top=&#8221;0&#8243; padding_bottom=&#8221;0&#8243; shadow=&#8221;no&#8221; parallax=&#8221;no&#8221; animate=&#8221;no&#8221; img_position=&#8221;left&#8221; img_animation=&#8221;left&#8221; content_animation=&#8221;left&#8221;][vc_column width=&#8221;1\/1&#8243;]<div class=\"flexslider shortcode\"><ul class=\"slides\"><li><img decoding=\"async\" src=\"https:\/\/fuorisalone.cnamilano.it\/wp-content\/uploads\/2015\/03\/slide-home-cna-adi-Exploit-2015.jpg\" alt=\"\"><\/li><li><img decoding=\"async\" src=\"https:\/\/fuorisalone.cnamilano.it\/wp-content\/uploads\/2015\/03\/home_2015_tavola.jpg\" alt=\"\"><\/li><\/ul><\/div>[\/vc_column][\/vc_row][vc_row registered_only=&#8221;no&#8221; full_width=&#8221;yes&#8221; background_repeat=&#8221;no-repeat&#8221; background_position=&#8221;left top&#8221; background_attachment=&#8221;scroll&#8221; padding_top=&#8221;0&#8243; padding_bottom=&#8221;0&#8243; shadow=&#8221;no&#8221; parallax=&#8221;no&#8221; animate=&#8221;no&#8221; img_position=&#8221;left&#8221; img_animation=&#8221;left&#8221; content_animation=&#8221;left&#8221; background_color=&#8221;#ff0000&#8243;][vc_column width=&#8221;1\/4&#8243;][\/vc_column][vc_column width=&#8221;1\/2&#8243;]<div class='ninzio-gap inline-ninzio-clearfix' style='height:45px'>&nbsp;<\/div>[vc_column_text padding=&#8221;0px 0px 0px 0px&#8221; animate=&#8221;yes&#8221; animation=&#8221;fade&#8221;]<\/p>\n<p style=\"text-align: center;\"><a class=\"button large button-icon\" style=\"background-color:#ffffff;color:#ff0000;\" href=\"https:\/\/fuorisalone.cnamilano.it\/?page_id=1304\" target=\"_self\"><i class=\"fa fa-trophy\"><\/i>Artigiani<\/a><a class=\"button large \" style=\"background-color:#ffffff;color:#ff0000;\" href=\"https:\/\/fuorisalone.cnamilano.it\/?page_id=1090\" target=\"_self\">Prodotti<\/a><a class=\"button large button-icon\" style=\"background-color:#ffffff;color:#ff0000;\" href=\"https:\/\/fuorisalone.cnamilano.it\/?page_id=1057\" target=\"_self\"><i class=\"fa fa-users\"><\/i>Designer<\/a>\n<p>[\/vc_column_text][\/vc_column][vc_column width=&#8221;1\/4&#8243; last=&#8221;yes&#8221;][\/vc_column][\/vc_row][vc_row][vc_column width=&#8221;1\/2&#8243; last=&#8221;no&#8221;][vc_column_text padding=&#8221;0px 0px 0px 0px&#8221; animate=&#8221;yes&#8221; animation=&#8221;fade&#8221;]<\/p>\n<div class=\"page\" title=\"Page 2\">\n<div class=\"layoutArea\">\n<div class=\"column\">\n<h1 style=\"text-align: center;\"><\/h1>\n<h1 style=\"text-align: center;\">Costanti<\/h1>\n<div class=\"splitter ninzio-clearfix solid\" style=\"margin-top:53px; margin-bottom:25px;\">&nbsp;<\/div>\n<p>Il Fuori Salone e le esposizioni tematiche di prodotti delle scorse edizioni presso il <a href=\"http:\/\/cnamilano.it\" target=\"_blank\"><strong>CNA di Milano Monza e Brianza<\/strong><\/a>, propongono soluzioni progettuali durante la settimana del design composte da tre costanti:<\/p>\n<p><strong>\u2022 Artigianato<\/strong><br \/>\n<strong> \u2022 Innovazione<\/strong><br \/>\n<strong> \u2022 Nuove tecnologie<\/strong><\/p>\n<p>Questo evento \u00e8 il terzo evento\u00a0parte di un percorso in cui CNA<br \/>\nMilano \u00e8 promotrice: un percorso dei processi di trasformazione dinamica e creativa, che vede impegnate le piccole e micro imprese. \u00c8 impegno dell\u2019associazione affrontare i cambiamenti continui, con l\u2019obiettivo di stimolare e accompagnare\u00a0il \u201c<strong>riposizionamento competitivo<\/strong>\u201d delle\u00a0proprie imprese e di s\u00e9 stessa.<\/p>\n<\/div>\n<div class=\"column\">\n<p>Questo nuovo manifatturiero della CNA, fatto di piccole e micro imprese, di reti, viene ora rimodellandosi tra antiche abilit\u00e0 e nuove competenze, affiancato dalla ricerca delle universit\u00e0 e dal design.<\/p>\n<p>Il design \u00e8 portatore di nuove visioni e innovazioni per l\u2019impresa artigiana di prodotto; esprime creativamente la propria cultura del progetto nei processi cad\/cam, inventando nuove soluzioni d\u2019uso,\u00a0<span style=\"line-height: 1.5;\">che anticipano nuovi mercati della qualit\u00e0; utilizza intelligentemente la stampa 3D, nuove tecnologie per lo sviluppo di \u201c<strong>oggetti intelligenti<\/strong>\u201d (<strong>Arduino, Raspberry Pi, ecc.<\/strong>) creando le condizioni di interazione con l\u2019impresa artigiana.<\/span><\/p>\n<\/div>\n<\/div>\n<\/div>\n<p>[\/vc_column_text][\/vc_column][vc_column width=&#8221;1\/2&#8243; last=&#8221;yes&#8221;][vc_column_text padding=&#8221;0px 0px 0px 0px&#8221; animate=&#8221;yes&#8221; animation=&#8221;fade&#8221;]<\/p>\n<div class=\"page\" title=\"Page 4\">\n<div class=\"layoutArea\">\n<div class=\"column\"><img loading=\"lazy\" decoding=\"async\" class=\"alignnone  wp-image-152\" src=\"https:\/\/fuorisalone.cnamilano.it\/wp-content\/uploads\/2014\/03\/CNA_logo-150x150.png\" alt=\"CNA_logo\" width=\"68\" height=\"68\" srcset=\"https:\/\/fuorisalone.cnamilano.it\/wp-content\/uploads\/2014\/03\/CNA_logo-150x150.png 150w, https:\/\/fuorisalone.cnamilano.it\/wp-content\/uploads\/2014\/03\/CNA_logo.png 244w\" sizes=\"(max-width: 68px) 100vw, 68px\" \/>\u00a0 \u00a0 \u00a0\u00a0<img loading=\"lazy\" decoding=\"async\" class=\"wp-image-1031 alignnone\" src=\"https:\/\/fuorisalone.cnamilano.it\/wp-content\/uploads\/2015\/03\/Logo-ADI-Lombardia-1.jpg\" alt=\"Logo ADI Lombardia\" width=\"213\" height=\"67\" \/><\/div>\n<div class=\"column\"><div class=\"splitter ninzio-clearfix solid\" style=\"margin-top:25px; margin-bottom:25px;\">&nbsp;<\/div><\/div>\n<div class=\"column\"><\/div>\n<div class=\"column\"><strong>CNA Milano, Monza e Brianza e <a href=\"http:\/\/www.adi-design.org\/lombardia\/adi-lombardia-design-codex-001.html\" target=\"_blank\">ADI Lombardia<\/a><\/strong>, nel quadro di un pi\u00f9 vasto progetto di indagine delle nuove tecnologie da introdurre accanto a quelle tradizionali e la possibilit\u00e0 di accedere al mercato mondiale offerte dal Web, lanciano un concorso fra i designer soci di ADI Lombardia.<\/div>\n<div class=\"column\">\n<p>Il concorso a inviti consiste nella proposta del progetto di un prodotto o di una famiglia di <strong>prodotti che valorizzino l\u2019utilizzo delle nuove tecnologie e abbiano caratteristiche di accessibilit\u00e0, di rispetto delle risorse e dell\u2019ambiente e che riguardino il rito del cibo: la preparazione, la cottura, la presentazione, l\u2019assunzione, la conservazione e il trasporto del cibo<\/strong>.<\/p>\n<p>10 professionisti selezionati da ADI Lombardia verranno invitati a presentare delle proposte progettuali, che rendano evidenti i\u00a0vantaggi dell\u2019utilizzo delle nuove tecnologie. La scelta delle proposte progettuali verr\u00e0 effettuata da un gruppo qualificato di esperti coordinato da <a href=\"http:\/\/it.wikipedia.org\/wiki\/Luigi_Bandini_Buti\" target=\"_blank\"><strong>Luigi Bandini Buti<\/strong><\/a> e di\u00a0cui faranno parte un rappresentante di <strong>ADI Lombardia<\/strong>, un rappresentante del <strong>Politecnico di Milano<\/strong> e un rappresentante della CNA. Le proposte progettuali saranno sviluppate e verranno esposte nella <strong>sede CNA di via Savona 52<\/strong> in occasione del Fuori Salone EXPLOIT 2015.<\/p>\n<\/div>\n<\/div>\n<\/div>\n<p>[\/vc_column_text][\/vc_column][\/vc_row][vc_row][vc_column width=&#8221;1\/1&#8243;][vc_column_text padding=&#8221;0px 0px 0px 0px&#8221; animate=&#8221;yes&#8221; animation=&#8221;fade&#8221;]<\/p>\n<div class=\"page\" title=\"Page 7\">\n<div class=\"layoutArea\">\n<div class=\"column\">\n<h1 style=\"text-align: center;\">Le coordinate progettuali<\/h1>\n<div class=\"splitter ninzio-clearfix solid\" style=\"margin-top:53px; margin-bottom:25px;\">&nbsp;<\/div>\n<p>L\u2019<strong>ADI<\/strong> riunisce dal 1956 progettisti, imprese, ricercatori, insegnanti, critici, giornalisti intorno ai temi del design: progetto, consumo, riciclo, formazione. E\u2019 protagonista dello sviluppo del disegno industriale come fenomeno culturale ed economico. Gestisce dal 1964 il \u201c<strong>Compasso d\u2019Oro<\/strong>\u201d, il pi\u00f9 prestigioso \u00e8 antico premio\u00a0di design del mondo fondato nel 1954 da \u201cLa Rinascente\u201d.<\/p>\n<p>La progettazione industriale tradizionale si rivolge ad un utente standard, cos\u00ec facendo esclude o penalizza fino al <strong>95%<\/strong> della popolazione europea (la persona altissima, quella con gli occhiali, quella con le dita grosse, lo straniero, il bambino, l\u2019anziano, la donna incinta, la persona in carrozzina, ecc.). La risposta progettuale a questa penalizzazione\/esclusione \u00e8 il <a href=\"http:\/\/www.dfaitalia.it\" target=\"_blank\"><strong>Design for All (DfA)<\/strong><\/a>, che soddisfa i singoli nelle loro specificit\u00e0, valorizzandole. Design for All \u00e8 il design per la diversit\u00e0 umana, l\u2019inclusione sociale e l\u2019uguaglianza. <strong>La pratica del Design for All fa uso cosciente dell\u2019analisi dei bisogni e delle aspirazioni umane ed esige il coinvolgimento degli utenti finali in ogni fase del processo progettuale<\/strong>.<\/p>\n<div class='ninzio-gap inline-ninzio-clearfix' style='height:25px'>&nbsp;<\/div>\n<p style=\"text-align: center;\"><a class=\"button large button-icon\" style=\"\" href=\"https:\/\/fuorisalone.cnamilano.it\/wp-content\/uploads\/2015\/04\/Exploit-2015-ADI-CNA.pdf\" target=\"_blank\"><i class=\"fa fa-file-text\"><\/i>Download Pdf<\/a>\n<\/div>\n<\/div>\n<\/div>\n<p>[\/vc_column_text][\/vc_column][\/vc_row]<\/p>\n","protected":false},"excerpt":{"rendered":"<p>[vc_row registered_only=&#8221;no&#8221; full_width=&#8221;yes&#8221; background_repeat=&#8221;no-repeat&#8221; background_position=&#8221;left top&#8221; background_attachment=&#8221;scroll&#8221; padding_top=&#8221;0&#8243; padding_bottom=&#8221;0&#8243; shadow=&#8221;no&#8221; parallax=&#8221;no&#8221; animate=&#8221;no&#8221; img_position=&#8221;left&#8221; img_animation=&#8221;left&#8221; content_animation=&#8221;left&#8221;][vc_column width=&#8221;1\/1&#8243;][\/vc_column][\/vc_row][vc_row registered_only=&#8221;no&#8221; full_width=&#8221;yes&#8221; background_repeat=&#8221;no-repeat&#8221; background_position=&#8221;left top&#8221; background_attachment=&#8221;scroll&#8221; padding_top=&#8221;0&#8243; padding_bottom=&#8221;0&#8243; shadow=&#8221;no&#8221; parallax=&#8221;no&#8221; animate=&#8221;no&#8221; img_position=&#8221;left&#8221; img_animation=&#8221;left&#8221; content_animation=&#8221;left&#8221; background_color=&#8221;#ff0000&#8243;][vc_column width=&#8221;1\/4&#8243;][\/vc_column][vc_column width=&#8221;1\/2&#8243;][vc_column_text padding=&#8221;0px 0px 0px 0px&#8221; animate=&#8221;yes&#8221; animation=&#8221;fade&#8221;] [\/vc_column_text][\/vc_column][vc_column width=&#8221;1\/4&#8243; last=&#8221;yes&#8221;][\/vc_column][\/vc_row][vc_row][vc_column width=&#8221;1\/2&#8243; last=&#8221;no&#8221;][vc_column_text padding=&#8221;0px 0px 0px 0px&#8221; animate=&#8221;yes&#8221; animation=&#8221;fade&#8221;] Costanti Il Fuori Salone e [&hellip;]<\/p>\n","protected":false},"author":4,"featured_media":0,"parent":0,"menu_order":0,"comment_status":"closed","ping_status":"closed","template":"","meta":{"footnotes":""},"_links":{"self":[{"href":"https:\/\/fuorisalone.cnamilano.it\/index.php?rest_route=\/wp\/v2\/pages\/1022"}],"collection":[{"href":"https:\/\/fuorisalone.cnamilano.it\/index.php?rest_route=\/wp\/v2\/pages"}],"about":[{"href":"https:\/\/fuorisalone.cnamilano.it\/index.php?rest_route=\/wp\/v2\/types\/page"}],"author":[{"embeddable":true,"href":"https:\/\/fuorisalone.cnamilano.it\/index.php?rest_route=\/wp\/v2\/users\/4"}],"replies":[{"embeddable":true,"href":"https:\/\/fuorisalone.cnamilano.it\/index.php?rest_route=%2Fwp%2Fv2%2Fcomments&post=1022"}],"version-history":[{"count":53,"href":"https:\/\/fuorisalone.cnamilano.it\/index.php?rest_route=\/wp\/v2\/pages\/1022\/revisions"}],"predecessor-version":[{"id":1336,"href":"https:\/\/fuorisalone.cnamilano.it\/index.php?rest_route=\/wp\/v2\/pages\/1022\/revisions\/1336"}],"wp:attachment":[{"href":"https:\/\/fuorisalone.cnamilano.it\/index.php?rest_route=%2Fwp%2Fv2%2Fmedia&parent=1022"}],"curies":[{"name":"wp","href":"https:\/\/api.w.org\/{rel}","templated":true}]}}