{"id":2100,"date":"2016-02-26T17:11:42","date_gmt":"2016-02-26T16:11:42","guid":{"rendered":"http:\/\/viasavona52.cnamilano.it\/?page_id=2100"},"modified":"2016-03-17T11:11:24","modified_gmt":"2016-03-17T10:11:24","slug":"eu-b2b-milan-design-week-fuorisalone","status":"publish","type":"page","link":"https:\/\/fuorisalone.cnamilano.it\/?page_id=2100","title":{"rendered":"EU B2B @Milan Design Week #Fuorisalone"},"content":{"rendered":"<p style=\"text-align: center;\"><a href=\"https:\/\/fuorisalone.cnamilano.it\/wp-content\/uploads\/2016\/02\/banner-B2match.jpg\"><img loading=\"lazy\" decoding=\"async\" class=\"alignnone  wp-image-2101\" src=\"https:\/\/fuorisalone.cnamilano.it\/wp-content\/uploads\/2016\/02\/banner-B2match.jpg\" alt=\"banner_cna\" width=\"1060\" height=\"204\" srcset=\"https:\/\/fuorisalone.cnamilano.it\/wp-content\/uploads\/2016\/02\/banner-B2match.jpg 5417w, https:\/\/fuorisalone.cnamilano.it\/wp-content\/uploads\/2016\/02\/banner-B2match-300x58.jpg 300w, https:\/\/fuorisalone.cnamilano.it\/wp-content\/uploads\/2016\/02\/banner-B2match-1024x197.jpg 1024w\" sizes=\"(max-width: 1060px) 100vw, 1060px\" \/><\/a><\/p>\n<p style=\"text-align: center;\"><strong>Nel Fuorisalone di CNA il 13 e 14 aprile i B2B finanziati dalla Commissione Europea<br \/>\n<em>Iscriviti per trovare nuovi partner! La partecipazione \u00e8 gratuita!<\/em><\/strong><\/p>\n<p style=\"text-align: left;\">CNA Lombardia, in collaborazione con Finlombarda, Unioncamere Lombardia, Unioncamere Piemonte, Innovhub e Fast, organizza all&#8217;interno dell&#8217;esposizione &#8220;The future of Italian heritage&#8221; un <strong>evento di brokeraggio tra imprese nel corso del Fuorisalone, il 13 e 14 aprile<\/strong>.<\/p>\n<p style=\"text-align: left;\">L&#8217;evento \u00e8 organizzato all&#8217;interno della rete EEN, Enterprise Europe Network: \u00e8 la pi\u00f9 grande rete, finanziata dalla Commissione Europea, che sostiene lo sviluppo internazionale delle PMI in tutta Europa, con partner e punti di contatto presenti in oltre 60 paesi (per maggiori informazioni:\u00a0<a title=\"Enterprise Europe Network)\" href=\"http:\/\/een.ec.europa.eu\/\" target=\"_blank\">http:\/\/een.ec.europa.eu\/<\/a>)<\/p>\n<p style=\"text-align: left;\">L&#8217;evento sar\u00e0 l&#8217;occasione per incontrare nuovi potenziali partner, anche internazionali, nel settore del design: dall&#8217;idea alla produzione di nuove soluzioni innovative. Settori focus sono:<\/p>\n<ul>\n<li style=\"text-align: left;\"><em>design<\/em><\/li>\n<li style=\"text-align: left;\"><em>arredamento<\/em><\/li>\n<li style=\"text-align: left;\"><em>tessile casa<\/em><\/li>\n<li style=\"text-align: left;\"><em>decorazioni e complementi d&#8217;arredo<\/em><\/li>\n<li style=\"text-align: left;\"><em>materiali<\/em><\/li>\n<\/ul>\n<p style=\"text-align: left;\"><strong>Come fare per partecipare<\/strong><\/p>\n<p style=\"text-align: left;\">Basta andare al seguente link:\u00a0<a title=\"B2match\" href=\"https:\/\/www.b2match.eu\/milandesignweek2016\" target=\"_blank\">www.b2match.eu\/milandesignweek2016<\/a><\/p>\n<p style=\"text-align: left;\">Da l\u00ec, \u00e8 possibile registrarsi alla piattaforma e creare un <em>profilo di cooperazione<\/em>. In seguito, sar\u00e0 possibile visionare gli altri iscritti e richiedere dei meeting (oppure accettare richieste per meeting).<\/p>\n<p style=\"text-align: left;\">Qualche giorno prima dell&#8217;evento, vi verr\u00e0 inviata la vostra agenda degli appuntamenti.<\/p>\n<p style=\"text-align: left;\">Attenzione: il profilo di cooperazione \u00e8 un elemento fondamentale: \u00e8 il vostro biglietto da visita per le altre imprese!<\/p>\n<p style=\"text-align: left;\"><em><strong>E&#8217; possibile registrarsi sulla piattaforma fino al 09 aprile 2016.<\/strong><\/em><br \/>\n<em><strong>A partire dal 15 marzo sar\u00e0 possibile cominciare a prenotare i meeting (fino al 09 aprile)<\/strong><\/em><\/p>\n<p style=\"text-align: left;\"><a href=\"https:\/\/fuorisalone.cnamilano.it\/wp-content\/uploads\/2016\/02\/EU-B2B-@Milan-Design-week-Fuorisalone-Agenda1.pdf\">Scarica l&#8217;agenda dell&#8217;evento<\/a><\/p>\n<p style=\"text-align: left;\">Contattaci per maggiori informazioni:<br \/>\nChiara Bricca<br \/>\n<a href=\"mailto:progetti@cnalombardia.it\">progetti@cnalombardia.it<\/a><br \/>\n+39 02 36512030<\/p>\n<hr \/>\n<p>&nbsp;<\/p>\n<p><em>CNA Lombardia, in collaboration with Finlombarda, Unioncamere Lombardia, Unioncamere Piemonte, Innovhub and Fast, is organizing a brokerage event during Milan Design Week, 12-17 April 2016, in the heart of Fuorisalone, one of the most important event in design all over the world.<\/em><\/p>\n<p><em>Fuorisalone is a set of events distributed in different areas of Milan during the Salone Internazionale del Mobile, staged in the halls of Rho Fiera. Every year, in April, Salone and Fuorisalone define the Milan Design Week, the most important event in the world for design addicted.<\/em><\/p>\n<p><em>During the matchmaking event companies, start-ups, clusters will be able to meet potential partners interested in developing cross-border business and technology collaborations or starting partnerships for European projects.<\/em><\/p>\n<p><em>The B2B will be hosted by \u201cThe future of Italian heritage\u201d, a special exhibition of design products inside Opificio 31, via Tortona 31, one of the historic site of the Fuorisalone.<\/em><\/p>\n<p><em>Main topics:<\/em><\/p>\n<ul>\n<li><em>Design<\/em><\/li>\n<li><em>Furniture<\/em><\/li>\n<li><em>Home textile<\/em><\/li>\n<li><em>Decorations<\/em><\/li>\n<li><em>Materials<\/em><\/li>\n<\/ul>\n<p><em>Why to participate?<\/em><\/p>\n<ul>\n<li><em>to initiate cross-border contacts<\/em><\/li>\n<li><em>to expand your business abroad<\/em><\/li>\n<li><em>to find new commercial or technology partners<\/em><\/li>\n<li><em>to present, discuss and develop new project ideas<\/em><\/li>\n<\/ul>\n<p><em>How does it work?<\/em><\/p>\n<p><em>Register and publish your collaboration wishes\u00a0<a title=\"B2match\" href=\"https:\/\/www.b2match.eu\/milandesignweek2016\" target=\"_blank\">www.b2match.eu\/milandesignweek2016\u00a0<\/a><\/em><br \/>\n<em>Browse the participant list and book meetings with companies you are interested in<\/em><br \/>\n<em>One week before the event you receive your meeting schedule<\/em><\/p>\n<p><em>Focus<\/em><\/p>\n<p><em>Sector focus of the event is the design world: from the idea to the production of innovative new solutions for everyday life and new lifestyles<\/em><\/p>\n<p><strong><em>Registrations are open until 9th April<br \/>\n<\/em><em>Meetings can be booked starting from 15th March<\/em><\/strong><\/p>\n<p><a href=\"https:\/\/fuorisalone.cnamilano.it\/wp-content\/uploads\/2016\/02\/EU-B2B-@Milan-Design-week-Fuorisalone-Agenda1.pdf\">Download the agenda of the event<\/a><\/p>\n<p><em>For more information please contact:<br \/>\nChiara Bricca<\/em><br \/>\n<em><a href=\"mailto:progetti@cnalombardia.it\">progetti@cnalombardia.it<\/a><\/em><br \/>\n<em>+39 02 36512030<\/em><\/p>\n","protected":false},"excerpt":{"rendered":"<p>Nel Fuorisalone di CNA il 13 e 14 aprile i B2B finanziati dalla Commissione Europea Iscriviti per trovare nuovi partner! La partecipazione \u00e8 gratuita! CNA Lombardia, in collaborazione con Finlombarda, Unioncamere Lombardia, Unioncamere Piemonte, Innovhub e Fast, organizza all&#8217;interno dell&#8217;esposizione &#8220;The future of Italian heritage&#8221; un evento di brokeraggio tra imprese nel corso del Fuorisalone, [&hellip;]<\/p>\n","protected":false},"author":4,"featured_media":0,"parent":0,"menu_order":0,"comment_status":"closed","ping_status":"closed","template":"","meta":{"footnotes":""},"_links":{"self":[{"href":"https:\/\/fuorisalone.cnamilano.it\/index.php?rest_route=\/wp\/v2\/pages\/2100"}],"collection":[{"href":"https:\/\/fuorisalone.cnamilano.it\/index.php?rest_route=\/wp\/v2\/pages"}],"about":[{"href":"https:\/\/fuorisalone.cnamilano.it\/index.php?rest_route=\/wp\/v2\/types\/page"}],"author":[{"embeddable":true,"href":"https:\/\/fuorisalone.cnamilano.it\/index.php?rest_route=\/wp\/v2\/users\/4"}],"replies":[{"embeddable":true,"href":"https:\/\/fuorisalone.cnamilano.it\/index.php?rest_route=%2Fwp%2Fv2%2Fcomments&post=2100"}],"version-history":[{"count":7,"href":"https:\/\/fuorisalone.cnamilano.it\/index.php?rest_route=\/wp\/v2\/pages\/2100\/revisions"}],"predecessor-version":[{"id":2178,"href":"https:\/\/fuorisalone.cnamilano.it\/index.php?rest_route=\/wp\/v2\/pages\/2100\/revisions\/2178"}],"wp:attachment":[{"href":"https:\/\/fuorisalone.cnamilano.it\/index.php?rest_route=%2Fwp%2Fv2%2Fmedia&parent=2100"}],"curies":[{"name":"wp","href":"https:\/\/api.w.org\/{rel}","templated":true}]}}