{"id":2187,"date":"2016-03-23T11:44:21","date_gmt":"2014-03-27T09:30:37","guid":{"rendered":"http:\/\/fuorisalone.cnamilano.it\/?page_id=2187"},"modified":"2016-05-17T10:23:28","modified_gmt":"2016-05-17T08:23:28","slug":"press-3","status":"publish","type":"page","link":"https:\/\/fuorisalone.cnamilano.it\/?page_id=2187","title":{"rendered":"Press 2016"},"content":{"rendered":"<p><strong>RASSEGNA STAMPA\u00a0DEL FUORISALONE 2016 &#8220;THE FUTURE OF ITALIAN HERITAGE&#8221;<\/strong><\/p>\n<p><a title=\"Simplefair\" href=\"http:\/\/www.simpleflair.it\/2016\/03\/tortona-mdw16\/\" target=\"_blank\">PREVIEW TORTONA, DESIGN WEEK 2016<\/a>, Simplefair 04\/03\/2016<\/p>\n<p><a title=\"Edilportale\" href=\"http:\/\/www.edilportale.com\/eventi\/2016\/zona-tortona-milano\/milano-space-makers_11804.html\" target=\"_blank\">Milano Space Makers<\/a>, Edilportale 11\/03\/2016<\/p>\n<p><a title=\"Green planner\" href=\"http:\/\/www.greenplanner.it\/2016\/03\/14\/hora-connubio-fra-design-lavoro-responsabile-e-sostenibilita\/\" target=\"_blank\">Hora: connubio fra design, lavoro responsabile e sostenibilit\u00e0<\/a>, GreenPlanner 14\/03\/2016<\/p>\n<p><a title=\"Master Viaggi\" href=\"http:\/\/www.masterviaggi.it\/news\/categoria_news\/44431-milano_the_future_of_italian_heritage_cna___la_design_week_2016.php\" target=\"_blank\">CNA &amp; la Design Week 2016<\/a>, Master Viaggi 23\/03\/2016<\/p>\n<p><a title=\"PassioneDesign\" href=\"http:\/\/www.passionedesign.it\/design\/2016\/03\/24\/fuorisalone-2016-le-novita-di-hora-a-milano\/\" target=\"_blank\">FuoriSalone 2016, le novit\u00e0 di Hora a Milan<\/a>o, PassioneDesign 24\/03\/2016<\/p>\n<p><a title=\"Design.lv\" href=\"http:\/\/design.lv\/lv\/event\/interjera-prieksmetu-razotaju-tirdzniecibas-misija-un-produktu-ekspozicija-italija-izstades-salone-internazionale-del-mobile-2016-laika-milana\" target=\"_blank\">Fuorisalone 2016<\/a>, Design.lv 01\/04\/2016<\/p>\n<p><a title=\"Fuorisalone.it\" href=\"http:\/\/fuorisalone.it\/2016\/it\/eventi\/69\/The-future-of-Italian-heritage\" target=\"_blank\">CNA &#8211; The future of Italian heritage<\/a>, Fuorisalone.it 01\/04\/2016<\/p>\n<p><a title=\"Tortona Design Week\" href=\"http:\/\/www.tortonadesignweek.com\/evento\/198\/the-future-of-italian-heritage\" target=\"_blank\">THE FUTURE OF ITALIAN HERITAGE<\/a>, Tortona Design Week 01\/04\/2016<\/p>\n<p><a title=\"LeNews\" href=\"http:\/\/lenews.info\/2016\/04\/04\/the-future-of-italian-heritage-cna-la-design-week-2016\/\" target=\"_blank\">\u201cThe Future of Italian Heritage\u201d CNA &amp;LA DESIGN WEEK 2016<\/a>, LeNews 01\/04\/2016<\/p>\n<p><a title=\"Designerblog\" href=\"http:\/\/www.designerblog.it\/post\/184607\/fuorisalone-2016-milano-anothershoe-da-wemake-e-ad-emporio-opificio-31-con-un-programma-di-workshop-e-incontri\" target=\"_blank\">Fuorisalone 2016 Milano: AnOtherShoe da WeMake e ad Emporio Opificio 31 con un programma di workshop e incontri<\/a>, Designer Blog 01\/04\/2016<\/p>\n<p><a title=\"Finlombarda\" href=\"http:\/\/www.finlombarda.it\/home;jsessionid=4A7B69BDB609E5B17307CBF679535C77.tomcatliferay?p_p_id=101_INSTANCE_QO5t&amp;p_p_lifecycle=0&amp;p_p_state=maximized&amp;p_p_mode=view&amp;p_p_col_id=column-1&amp;p_p_col_count=2&amp;_101_INSTANCE_QO5t_struts_action=%2Ftagged_content%2Fview_content&amp;_101_INSTANCE_QO5t_redirect=%2Fhome&amp;_101_INSTANCE_QO5t_assetId=21724971\" target=\"_blank\">EVENTO EU B2B @MILAN DESIGN WEEK #FUORISALONE 13-14 APRILE 2016<\/a>, Finlombarda 01\/04\/2016<\/p>\n<p><a title=\"Borghi d'Europa\" href=\"http:\/\/www.borghideuropa.it\/it\/italia\/24-lombardia\/263-the-future-of-italian-heritage-cna-la-design-week-2016.html\" target=\"_blank\">\u201cTHE FUTURE OF ITALIAN HERITAGE\u201d CNA &amp; LA DESIGN WEEK 2016<\/a>, Borghi d&#8217;Europa 01\/04\/2016<\/p>\n<p><a title=\"Milano Deisgn Week\" href=\"http:\/\/www.milanodesignweek.org\/2016\/04\/evento-cna-future-of-italian-heritage.html\" target=\"_blank\">CNA &#8211; The Future Of Italian Heritage<\/a>, Milano Design Week 01\/04\/2016<\/p>\n<p><a title=\"Zero Milano\" href=\"http:\/\/zero.eu\/milano\/eventi\/34714-the-future-of-italian-heritage-innovation-design-meet-the-excellence\/\" target=\"_blank\">The Future Of Italian Heritage \u2013 Innovation &amp; Design Meet The Excellence<\/a>, Zero Milano 04\/04\/2016<\/p>\n<p><a title=\"DDL studio\" href=\"http:\/\/www.ddlstudio.net\/wp-content\/uploads\/2016\/03\/2016_04_07_CS_TDW2016_DEF_ITA.pdf\" target=\"_blank\">Tortona Design Week 2016 &#8211; energia creativa<\/a>, DDL studio 05\/04\/2016<\/p>\n<p><a title=\"Qoop\" href=\"http:\/\/www.qoop.it\/similar\/fuorisalone-2016-milano-anothershoe-da-wemake-e-ad-emporio-opificio-31-con-un-programma-di-workshop-e-incontri__eb56c082b570a39476ec29888871fd2b\" target=\"_blank\">Fuorisalone 2016 Milano: AnOtherShoe da WeMake e ad Emporio Opificio 31 con un programma di workshop e incontri<\/a>, Qoop 08\/04\/2016<\/p>\n<p><a title=\"MurOfArt\" href=\"http:\/\/www.murmurofart.com\/testo-2.asp?Progr=24348\" target=\"_blank\">TORTONA DESIGN WEEK 2016<\/a>, Mur MurOfArt 08\/042016<\/p>\n<p><a title=\"Milanoonline\" href=\"http:\/\/www.milanoonline.com\/news\/ultim-ora\/cna-la-design-week-2016.html\" target=\"_blank\">CNA &amp; la Design Week 2016<\/a>, Milanooline 08\/04\/2016<\/p>\n<p><a title=\"Amec\" href=\"http:\/\/www.amec.es\/evento\/milan-design-week-b2b-fuorisalone-13-14-april-2016\/\" target=\"_blank\">MILAN DESIGN WEEK B2B #FUORISALONE 13-14 APRIL 2016<\/a>, Amec 08\/04\/2016<\/p>\n<p><a title=\"Gobbetto\" href=\"http:\/\/www.gobbetto.com\/category\/events\/\" target=\"_blank\">Gli eventi di Gobbetto per la Design Week 2016<\/a>, Gobbetto 09\/04\/2016<\/p>\n<p><a title=\"DesignerBlog\" href=\"http:\/\/www.designerblog.it\/post\/185401\/fuori-salone-2016-tutti-gli-appuntamenti-di-cna\" target=\"_blank\">Fuori Salone 2016, tutti gli appuntamenti di CNA<\/a>, DesignerBlog 10\/04\/2016<\/p>\n<p><a title=\"La casa in ordine\" href=\"http:\/\/www.lacasainordine.com\/2016\/04\/tortona-design-week-2016-tutti-gli-eventi\/\" target=\"_blank\">Tortona Design Week 2016 &#8211; tutti gli appuntamenti<\/a>, La casa in ordine 10\/04\/2016<\/p>\n<p><a title=\"Passione design\" href=\"http:\/\/www.passionedesign.it\/design\/2016\/04\/10\/fuori-salone-2016-tutti-gli-appuntamenti-di-cna\/\" target=\"_blank\">Fuori Salone 2016, tutti gli appuntamenti di CNA<\/a>, Passione Design 10\/04\/2016<\/p>\n<p><a title=\"Vivincasa\" href=\"http:\/\/www.vivincasa.it\/fuori-salone-2016-tutti-gli-appuntamenti-di-cna\" target=\"_blank\">Fuori Salone 2016, tutti gli appuntamenti di CNA<\/a>, Vivincasa 10\/04\/2016<\/p>\n<p><a title=\"La casa in ordine\" href=\"http:\/\/www.lacasainordine.com\/2016\/04\/design-ecosostenibile\/\" target=\"_blank\">Design ecosostenibile<\/a>, La casa in ordine 11\/04\/2016<\/p>\n<p><a title=\"Opidesign\" href=\"http:\/\/www.opitrad.com\/opidesign-consiglia-le-6-cose-da-non-perdere-a-fuorisalone-2016\/\" target=\"_blank\">#OPIDESIGN consiglia: le 6 cose da non perdere a Fuorisalone 2016<\/a>, Opidesign 11\/04\/2016<\/p>\n<p><a title=\"DR mag\" href=\"http:\/\/www.dreamingrooms.com\/2016\/04\/11\/mdw-2016-nel-segno-della-creativita\/\" target=\"_blank\">MDW 2016 Nel segno della creativit\u00e0<\/a>, DR mag 11\/04\/2016<\/p>\n<p><a title=\"Via emilia net\" href=\"http:\/\/www.viaemilianet.it\/la-gi-gambarelli-al-salone\/#.VxOVbvmLTIU\" target=\"_blank\">La Gl Gambarelli al Fuori Salone<\/a>, Via Emilia net 11\/04\/2016<\/p>\n<p><a title=\"Tuttocasa\" href=\"http:\/\/www.tuttocasa-torino.com\/articolo-dettaglio.php?ID=34\" target=\"_blank\">Fuori Salone di Milano 2016<\/a>, Tuttocasa 12\/04\/2016<\/p>\n<p><a title=\"Gambero rosso\" href=\"http:\/\/www.gamberorosso.it\/it\/news\/1024384-fuorisalone-2016-gli-appuntamenti-gastronomici-dal-design-cocktail-a-palazzo-al-pic-nic-agli-orti-di-leonardo\" target=\"_blank\">Fuorisalone 2016. Gli appuntamenti gastronomici<\/a>, Il gambero rosso 12\/04\/2016<\/p>\n<p><a title=\"Prima pagina\" href=\"http:\/\/www.primapaginanews.it\/dettaglio_news_hr.asp?ctg=12&amp;id=343512\" target=\"_blank\">Milano, torna il Fuori Salone di CNA: Vetrina dell&#8217;artigianato made in Italy<\/a>, Primapagina news 12\/04\/2016<\/p>\n<p><a title=\"Mediterranews\" href=\"http:\/\/mediterranews.org\/2016\/04\/cna-la-design-week-2016the-future-of-italian-heritage\/\" target=\"_blank\">CNA &amp; LA DESIGN WEEK 2016\u201cTHE FUTURE OF ITALIAN HERITAGE\u201d<\/a>, Mediterranews 12\/04\/2016<\/p>\n<p><a title=\"Prima pagina news\" href=\"http:\/\/www.primapaginanews.it\/dettaglio_news_hr.asp?ctg=12&amp;id=343513\" target=\"_blank\">Milano, torna il Fuori Salone di CNA: Vetrina dell&#8217;artigianato made in Italy<\/a>, Primapaginanews 12\/04\/2016<\/p>\n<p><a title=\"Byinnovation\" href=\"http:\/\/byinnovation.eu\/cna-con-enterprise-europe-network-per-fare-sistema\/\" target=\"_blank\">CNA con Enterprise Europe Network per fare sistema<\/a>, Byinnovation 12\/04\/2016<\/p>\n<p><a title=\"Romaonline\" href=\"http:\/\/www.romaonline.org\/news\/ultim-ora\/fuorisalone-the-future-of-italian-heritage-il-progetto-espositivo-di-cna.html\" target=\"_blank\">FuoriSalone . The Future of Italian Heritage, il progetto espositivo di CNA<\/a>, Romaonline 13\/04\/2016<\/p>\n<p><a title=\"Milano online\" href=\"http:\/\/www.milanoonline.com\/news\/ultim-ora\/milano-fuorisalone-cna-l-eccellenza-dell-artigianato-e-del-made-in-italy.html\" target=\"_blank\">Fuorisalone CNA: l&#8217;eccellenza dell&#8217;artigianato e del Made in Italy<\/a>, Milanoonline 13\/04\/2016<\/p>\n<p><a title=\"Montenapoleone web\" href=\"http:\/\/www.montenapoleoneweb.com\/stile\/design\/Design__nel_segno_della_creativita-01254.html\" target=\"_blank\">Design: nel senso della creativit\u00e0<\/a>, Montenapoleone web 13\/04\/2016<\/p>\n<p><a title=\"the picta\" href=\"http:\/\/www.thepicta.com\/tag\/thefutureofitalianheritage\" target=\"_blank\">The future of Italian heritage<\/a>, The picta 13\/04\/2016<\/p>\n<p><a title=\"Amicoblu\" href=\"https:\/\/www.amicoblu.it\/news\/amicoblu-sponsor-di-the-future-of-italian-heritage.html\" target=\"_blank\">AmicoBlu sponsor di The Future of Italian Heritage<\/a>, Amicoblu 13\/04\/2016<\/p>\n<p><a title=\"BtBorosette\" href=\"http:\/\/www.btboresette.com\/amicoblu-partner-cna-pmi-design-week-milano\/\" target=\"_blank\">AmicoBlu partner di CNA e delle Pmi alla Design Week di Milano<\/a>, BtBorosette 13\/04\/2016<\/p>\n<p><a title=\"Il corriere del web\" href=\"http:\/\/ilcorrieredelweb.blogspot.it\/2016\/04\/il-futuro-edove-si-sapra-fare-rete.html\" target=\"_blank\">Il futuro \u00e8 dove si sapr\u00e0 fare rete &#8211; inaugurazione con le autorit\u00e0 al padiglione CNA<\/a>, Il Corriere del Web 14\/04\/2016<\/p>\n<p><a title=\"Cose di Casa\" href=\"http:\/\/www.cosedicasa.com\/gli-eventi-del-fuorisalone-2016-per-giovedi-14-aprile-68770\/\" target=\"_blank\">Gli eventi del Fuorisalone 2016 per gioved\u00ec 14 aprile<\/a>, Cose di Casa 14\/04\/2016<\/p>\n<p><a title=\"Junglam\" href=\"http:\/\/junglam.com\/design\/the-future-of-italian-heritage-la-cna-alla-design-week-2016\/\" target=\"_blank\">The Future of Italian Heritage: la CNA alla Design Week 2016<\/a>, Junglam 15\/04\/2016<\/p>\n<p><a title=\"CNA\" href=\"http:\/\/www.cna.it\/notizie\/fuorisalone-cna-leccellenza-dellartigianato-e-del-made-italy\" target=\"_blank\">Fuorisalone CNA: l&#8217;eccellenza dell&#8217;artigianato e del Made in Italy<\/a>, CNA 15\/04\/2016<\/p>\n<p><a title=\"Il giornale di Brescia\" href=\"http:\/\/www.giornaledibrescia.it\/economia\/al-fuorisalone-di-cna-anche-due-aziende-bresciane-1.3079968\" target=\"_blank\">Al Fuorisalone di Cna anche due aziende bresciane<\/a>, Il giornale di Brescia 16\/04\/2016<\/p>\n<p><a title=\"Bresciaoggi\" href=\"http:\/\/www.bresciaoggi.it\/home\/economia\/fuorisalone-il-made-in-bresciaprotagonista-con-aziende-e-idee-1.4794046\" target=\"_blank\">Fuorisalone, il made in Brescia\u00a0protagonista con aziende e idee<\/a>, Bresciaoggi 17\/04\/2016<\/p>\n<p><a href=\"https:\/\/fuorisalone.cnamilano.it\/wp-content\/uploads\/2016\/03\/Abitare-Fuorisalone-CNA.pdf\">The future of Italian heritage<\/a>, ABITARE aprile 2016<\/p>\n<p><a href=\"https:\/\/fuorisalone.cnamilano.it\/wp-content\/uploads\/2016\/03\/reportMSM_2016_final.pdf\">Tortona Design Week: il report<\/a>, Milano Space Makers maggio 2016<\/p>\n","protected":false},"excerpt":{"rendered":"<p>RASSEGNA STAMPA\u00a0DEL FUORISALONE 2016 &#8220;THE FUTURE OF ITALIAN HERITAGE&#8221; PREVIEW TORTONA, DESIGN WEEK 2016, Simplefair 04\/03\/2016 Milano Space Makers, Edilportale 11\/03\/2016 Hora: connubio fra design, lavoro responsabile e sostenibilit\u00e0, GreenPlanner 14\/03\/2016 CNA &amp; la Design Week 2016, Master Viaggi 23\/03\/2016 FuoriSalone 2016, le novit\u00e0 di Hora a Milano, PassioneDesign 24\/03\/2016 Fuorisalone 2016, Design.lv 01\/04\/2016 CNA [&hellip;]<\/p>\n","protected":false},"author":4,"featured_media":0,"parent":0,"menu_order":0,"comment_status":"closed","ping_status":"closed","template":"","meta":{"footnotes":""},"_links":{"self":[{"href":"https:\/\/fuorisalone.cnamilano.it\/index.php?rest_route=\/wp\/v2\/pages\/2187"}],"collection":[{"href":"https:\/\/fuorisalone.cnamilano.it\/index.php?rest_route=\/wp\/v2\/pages"}],"about":[{"href":"https:\/\/fuorisalone.cnamilano.it\/index.php?rest_route=\/wp\/v2\/types\/page"}],"author":[{"embeddable":true,"href":"https:\/\/fuorisalone.cnamilano.it\/index.php?rest_route=\/wp\/v2\/users\/4"}],"replies":[{"embeddable":true,"href":"https:\/\/fuorisalone.cnamilano.it\/index.php?rest_route=%2Fwp%2Fv2%2Fcomments&post=2187"}],"version-history":[{"count":10,"href":"https:\/\/fuorisalone.cnamilano.it\/index.php?rest_route=\/wp\/v2\/pages\/2187\/revisions"}],"predecessor-version":[{"id":2188,"href":"https:\/\/fuorisalone.cnamilano.it\/index.php?rest_route=\/wp\/v2\/pages\/2187\/revisions\/2188"}],"wp:attachment":[{"href":"https:\/\/fuorisalone.cnamilano.it\/index.php?rest_route=%2Fwp%2Fv2%2Fmedia&parent=2187"}],"curies":[{"name":"wp","href":"https:\/\/api.w.org\/{rel}","templated":true}]}}